{"id":57022,"date":"2017-05-05T12:18:22","date_gmt":"2017-05-05T10:18:22","guid":{"rendered":"https:\/\/undsgn.com\/uncode\/?page_id=57022"},"modified":"2025-07-01T16:54:07","modified_gmt":"2025-07-01T16:54:07","slug":"den-numerologiske-tolkning-personlig-lydfil","status":"publish","type":"page","link":"https:\/\/numerologi.net\/index.php\/den-numerologiske-tolkning-personlig-lydfil\/","title":{"rendered":"Den numerologiske tolkning &#8211; personlig lydfil"},"content":{"rendered":"<div class=\"wpb-content-wrapper\"><p>[vc_row row_height_percent=&#8221;50&#8243; back_color=&#8221;color-wayh&#8221; back_image=&#8221;156278&#8243; overlay_alpha=&#8221;50&#8243; gutter_size=&#8221;3&#8243; column_width_percent=&#8221;100&#8243; shift_y=&#8221;0&#8243; z_index=&#8221;0&#8243; content_parallax=&#8221;2&#8243; uncode_shortcode_id=&#8221;206837&#8243; back_color_type=&#8221;uncode-palette&#8221;][vc_column column_width_percent=&#8221;100&#8243; gutter_size=&#8221;3&#8243; style=&#8221;dark&#8221; overlay_alpha=&#8221;50&#8243; shift_x=&#8221;0&#8243; shift_y=&#8221;0&#8243; shift_y_down=&#8221;0&#8243; z_index=&#8221;0&#8243; medium_width=&#8221;0&#8243; mobile_width=&#8221;0&#8243; width=&#8221;1\/1&#8243;][\/vc_column][\/vc_row][vc_row row_height_percent=&#8221;0&#8243; override_padding=&#8221;yes&#8221; h_padding=&#8221;2&#8243; top_padding=&#8221;2&#8243; bottom_padding=&#8221;3&#8243; overlay_alpha=&#8221;50&#8243; gutter_size=&#8221;3&#8243; column_width_percent=&#8221;100&#8243; shift_y=&#8221;0&#8243; z_index=&#8221;0&#8243; content_parallax=&#8221;0&#8243; uncode_shortcode_id=&#8221;941418&#8243;][vc_column column_width_percent=&#8221;100&#8243; gutter_size=&#8221;3&#8243; override_padding=&#8221;yes&#8221; column_padding=&#8221;3&#8243; back_color=&#8221;color-xsdn&#8221; overlay_alpha=&#8221;50&#8243; shift_x=&#8221;0&#8243; shift_y=&#8221;-4&#8243; shift_y_fixed=&#8221;yes&#8221; shift_y_down=&#8221;0&#8243; z_index=&#8221;0&#8243; medium_width=&#8221;0&#8243; mobile_width=&#8221;0&#8243; width=&#8221;1\/1&#8243;][vc_wp_custommenu nav_menu=&#8221;72&#8243; title=&#8221;Menu&#8221;][\/vc_column][\/vc_row][vc_row row_height_percent=&#8221;0&#8243; override_padding=&#8221;yes&#8221; h_padding=&#8221;2&#8243; top_padding=&#8221;0&#8243; bottom_padding=&#8221;0&#8243; overlay_alpha=&#8221;50&#8243; gutter_size=&#8221;3&#8243; column_width_percent=&#8221;100&#8243; shift_y=&#8221;0&#8243; z_index=&#8221;0&#8243;][vc_column column_width_percent=&#8221;100&#8243; gutter_size=&#8221;3&#8243; override_padding=&#8221;yes&#8221; column_padding=&#8221;3&#8243; back_color=&#8221;color-xsdn&#8221; overlay_alpha=&#8221;50&#8243; shift_x=&#8221;0&#8243; shift_y=&#8221;-4&#8243; shift_y_fixed=&#8221;yes&#8221; shift_y_down=&#8221;0&#8243; z_index=&#8221;0&#8243; medium_width=&#8221;0&#8243; mobile_width=&#8221;0&#8243; width=&#8221;1\/1&#8243;][vc_row_inner row_inner_height_percent=&#8221;0&#8243; overlay_alpha=&#8221;50&#8243; equal_height=&#8221;yes&#8221; gutter_size=&#8221;0&#8243; shift_y=&#8221;0&#8243; limit_content=&#8221;&#8221;][vc_column_inner column_width_percent=&#8221;100&#8243; position_vertical=&#8221;middle&#8221; align_horizontal=&#8221;align_center&#8221; gutter_size=&#8221;3&#8243; override_padding=&#8221;yes&#8221; column_padding=&#8221;3&#8243; overlay_alpha=&#8221;50&#8243; border_color=&#8221;color-gyho&#8221; border_style=&#8221;solid&#8221; shift_x=&#8221;0&#8243; shift_y=&#8221;0&#8243; shift_y_down=&#8221;0&#8243; z_index=&#8221;0&#8243; medium_width=&#8221;2&#8243; mobile_width=&#8221;0&#8243; width=&#8221;3\/12&#8243; css=&#8221;.vc_custom_1604506673013{border-right-width: 1px !important;}&#8221;][\/vc_column_inner][vc_column_inner column_width_percent=&#8221;100&#8243; position_vertical=&#8221;middle&#8221; gutter_size=&#8221;3&#8243; override_padding=&#8221;yes&#8221; column_padding=&#8221;3&#8243; overlay_alpha=&#8221;50&#8243; shift_x=&#8221;0&#8243; shift_y=&#8221;0&#8243; shift_y_down=&#8221;0&#8243; z_index=&#8221;0&#8243; medium_width=&#8221;6&#8243; align_mobile=&#8221;align_center_mobile&#8221; mobile_width=&#8221;0&#8243; width=&#8221;9\/12&#8243;][vc_custom_heading text_font=&#8221;font-165032&#8243; text_size=&#8221;fontsize-155944&#8243; text_weight=&#8221;400&#8243; text_space=&#8221;fontspace-781688&#8243; uncode_shortcode_id=&#8221;210572&#8243;]Den numerologiske tolkning. Personlig lyd fil[\/vc_custom_heading][\/vc_column_inner][\/vc_row_inner][\/vc_column][\/vc_row][vc_row row_height_percent=&#8221;0&#8243; override_padding=&#8221;yes&#8221; h_padding=&#8221;2&#8243; top_padding=&#8221;0&#8243; bottom_padding=&#8221;0&#8243; overlay_alpha=&#8221;50&#8243; gutter_size=&#8221;3&#8243; column_width_percent=&#8221;100&#8243; shift_y=&#8221;0&#8243; z_index=&#8221;0&#8243;][vc_column column_width_use_pixel=&#8221;yes&#8221; gutter_size=&#8221;2&#8243; font_family=&#8221;font-165032&#8243; overlay_alpha=&#8221;50&#8243; shift_x=&#8221;0&#8243; shift_y=&#8221;0&#8243; shift_y_down=&#8221;0&#8243; z_index=&#8221;0&#8243; medium_width=&#8221;0&#8243; align_mobile=&#8221;align_center_mobile&#8221; mobile_width=&#8221;0&#8243; width=&#8221;1\/1&#8243; column_width_pixel=&#8221;800&#8243;][vc_column_text text_lead=&#8221;yes&#8221; uncode_shortcode_id=&#8221;177128&#8243;]<\/p>\n<h2 data-start=\"275\" data-end=\"315\">\u2728 F\u00f8r Navneskift \u2013 L\u00e6sning og Klarhed<\/h2>\n<h3 data-start=\"317\" data-end=\"368\">Er du i tvivl om, hvorvidt du skal skifte navn?<\/h3>\n<p data-start=\"370\" data-end=\"554\">Du beh\u00f8ver ikke tage beslutningen alene. En indledende numerologisk l\u00e6sning giver dig indsigt i, hvordan dit nuv\u00e6rende navn p\u00e5virker dig \u2013 og hvorfor det m\u00e5ske er tid til at give slip.<\/p>\n<p data-start=\"556\" data-end=\"776\">Mange oplever, at de &#8220;rammer muren&#8221;, f\u00f8ler sig fanget i gentagelser eller l\u00e6nges efter noget, de endnu ikke helt kan definere. Numerologien kan s\u00e6tte ord og tal p\u00e5 den energi, du allerede m\u00e6rker \u2013 men endnu ikke forst\u00e5r.<\/p>\n<p data-start=\"778\" data-end=\"884\">Denne session er for dig, der er nysgerrig og s\u00f8ger klarhed, f\u00f8r du tr\u00e6ffer et valg. Her f\u00e5r du indsigt i:<\/p>\n<ul data-start=\"886\" data-end=\"1105\">\n<li data-start=\"886\" data-end=\"941\">\n<p data-start=\"888\" data-end=\"941\">Dine nuv\u00e6rende navnes vibrationer og deres p\u00e5virkning<\/p>\n<\/li>\n<li data-start=\"942\" data-end=\"994\">\n<p data-start=\"944\" data-end=\"994\">Hvordan disse spiller sammen med din f\u00f8dselsenergi<\/p>\n<\/li>\n<li data-start=\"995\" data-end=\"1047\">\n<p data-start=\"997\" data-end=\"1047\">Om der er ubalancer, gentagelser eller blokeringer<\/p>\n<\/li>\n<li data-start=\"1048\" data-end=\"1105\">\n<p data-start=\"1050\" data-end=\"1105\">Hvilken retning et nyt navn potentielt kan st\u00f8tte dig i<\/p>\n<\/li>\n<\/ul>\n<p data-start=\"1107\" data-end=\"1260\">Det handler ikke om at presse et valg igennem \u2013 men om at lytte med hjertet og skabe bevidsthed, s\u00e5 du kan m\u00e6rke, om navneskift er den rette vej for dig.<\/p>\n<p>[\/vc_column_text][\/vc_column][\/vc_row][vc_row row_height_percent=&#8221;0&#8243; override_padding=&#8221;yes&#8221; h_padding=&#8221;2&#8243; top_padding=&#8221;4&#8243; bottom_padding=&#8221;0&#8243; overlay_alpha=&#8221;50&#8243; equal_height=&#8221;yes&#8221; gutter_size=&#8221;0&#8243; column_width_percent=&#8221;100&#8243; shift_y=&#8221;0&#8243; z_index=&#8221;0&#8243;][vc_column column_width_percent=&#8221;100&#8243; align_horizontal=&#8221;align_center&#8221; gutter_size=&#8221;3&#8243; override_padding=&#8221;yes&#8221; column_padding=&#8221;3&#8243; font_family=&#8221;font-165032&#8243; overlay_alpha=&#8221;50&#8243; border_color=&#8221;color-gyho&#8221; border_style=&#8221;solid&#8221; shift_x=&#8221;0&#8243; shift_y=&#8221;0&#8243; shift_y_down=&#8221;0&#8243; z_index=&#8221;0&#8243; medium_width=&#8221;3&#8243; mobile_width=&#8221;0&#8243; width=&#8221;1\/3&#8243; css=&#8221;.vc_custom_1495111159707{border-right-width: 1px !important;}&#8221;][\/vc_column][vc_column column_width_percent=&#8221;100&#8243; align_horizontal=&#8221;align_center&#8221; gutter_size=&#8221;3&#8243; override_padding=&#8221;yes&#8221; column_padding=&#8221;3&#8243; font_family=&#8221;font-165032&#8243; overlay_alpha=&#8221;50&#8243; border_color=&#8221;color-gyho&#8221; border_style=&#8221;solid&#8221; shift_x=&#8221;0&#8243; shift_y=&#8221;0&#8243; shift_y_down=&#8221;0&#8243; z_index=&#8221;0&#8243; medium_width=&#8221;3&#8243; mobile_width=&#8221;0&#8243; width=&#8221;1\/3&#8243; css=&#8221;.vc_custom_1495111165050{border-right-width: 1px !important;}&#8221;][\/vc_column][vc_column column_width_percent=&#8221;100&#8243; align_horizontal=&#8221;align_center&#8221; gutter_size=&#8221;3&#8243; override_padding=&#8221;yes&#8221; column_padding=&#8221;3&#8243; font_family=&#8221;font-165032&#8243; overlay_alpha=&#8221;50&#8243; shift_x=&#8221;0&#8243; shift_y=&#8221;0&#8243; shift_y_down=&#8221;0&#8243; z_index=&#8221;0&#8243; medium_width=&#8221;3&#8243; mobile_width=&#8221;0&#8243; width=&#8221;1\/3&#8243;][\/vc_column][\/vc_row][vc_row row_height_percent=&#8221;15&#8243; override_padding=&#8221;yes&#8221; h_padding=&#8221;0&#8243; top_padding=&#8221;0&#8243; bottom_padding=&#8221;0&#8243; overlay_alpha=&#8221;50&#8243; gutter_size=&#8221;3&#8243; column_width_percent=&#8221;100&#8243; shift_y=&#8221;0&#8243; z_index=&#8221;0&#8243; medium_visibility=&#8221;yes&#8221; mobile_visibility=&#8221;yes&#8221; content_parallax=&#8221;0&#8243; uncode_shortcode_id=&#8221;115896&#8243;][vc_column width=&#8221;1\/1&#8243;][vc_separator sep_color=&#8221;,Default&#8221;][\/vc_column][\/vc_row][vc_row row_height_percent=&#8221;0&#8243; override_padding=&#8221;yes&#8221; h_padding=&#8221;2&#8243; top_padding=&#8221;0&#8243; bottom_padding=&#8221;4&#8243; overlay_alpha=&#8221;50&#8243; gutter_size=&#8221;3&#8243; column_width_percent=&#8221;100&#8243; shift_y=&#8221;0&#8243; z_index=&#8221;0&#8243;][vc_column column_width_use_pixel=&#8221;yes&#8221; gutter_size=&#8221;4&#8243; font_family=&#8221;font-165032&#8243; overlay_alpha=&#8221;50&#8243; shift_x=&#8221;0&#8243; shift_y=&#8221;0&#8243; shift_y_down=&#8221;0&#8243; z_index=&#8221;0&#8243; medium_width=&#8221;0&#8243; align_mobile=&#8221;align_center_mobile&#8221; mobile_width=&#8221;0&#8243; width=&#8221;1\/1&#8243; column_width_pixel=&#8221;800&#8243;][vc_row_inner limit_content=&#8221;&#8221;][vc_column_inner column_width_percent=&#8221;100&#8243; align_horizontal=&#8221;align_center&#8221; gutter_size=&#8221;2&#8243; overlay_alpha=&#8221;50&#8243; shift_x=&#8221;0&#8243; shift_y=&#8221;0&#8243; shift_y_down=&#8221;0&#8243; z_index=&#8221;0&#8243; medium_width=&#8221;0&#8243; mobile_width=&#8221;0&#8243; width=&#8221;1\/1&#8243;][\/vc_column_inner][\/vc_row_inner][\/vc_column][\/vc_row]<\/p>\n<\/div>","protected":false},"excerpt":{"rendered":"<p>[vc_row row_height_percent=&#8221;50&#8243; back_color=&#8221;color-wayh&#8221; back_image=&#8221;156278&#8243; overlay_alpha=&#8221;50&#8243; gutter_size=&#8221;3&#8243; column_width_percent=&#8221;100&#8243; shift_y=&#8221;0&#8243; z_index=&#8221;0&#8243; content_parallax=&#8221;2&#8243; uncode_shortcode_id=&#8221;206837&#8243; back_color_type=&#8221;uncode-palette&#8221;][vc_column column_width_percent=&#8221;100&#8243; gutter_size=&#8221;3&#8243; style=&#8221;dark&#8221; overlay_alpha=&#8221;50&#8243; shift_x=&#8221;0&#8243; shift_y=&#8221;0&#8243; shift_y_down=&#8221;0&#8243; z_index=&#8221;0&#8243; [&hellip;]<\/p>\n","protected":false},"author":1,"featured_media":0,"parent":0,"menu_order":0,"comment_status":"closed","ping_status":"closed","template":"","meta":{"footnotes":""},"class_list":["post-57022","page","type-page","status-publish","hentry"],"_links":{"self":[{"href":"https:\/\/numerologi.net\/index.php\/wp-json\/wp\/v2\/pages\/57022","targetHints":{"allow":["GET"]}}],"collection":[{"href":"https:\/\/numerologi.net\/index.php\/wp-json\/wp\/v2\/pages"}],"about":[{"href":"https:\/\/numerologi.net\/index.php\/wp-json\/wp\/v2\/types\/page"}],"author":[{"embeddable":true,"href":"https:\/\/numerologi.net\/index.php\/wp-json\/wp\/v2\/users\/1"}],"replies":[{"embeddable":true,"href":"https:\/\/numerologi.net\/index.php\/wp-json\/wp\/v2\/comments?post=57022"}],"version-history":[{"count":24,"href":"https:\/\/numerologi.net\/index.php\/wp-json\/wp\/v2\/pages\/57022\/revisions"}],"predecessor-version":[{"id":156888,"href":"https:\/\/numerologi.net\/index.php\/wp-json\/wp\/v2\/pages\/57022\/revisions\/156888"}],"wp:attachment":[{"href":"https:\/\/numerologi.net\/index.php\/wp-json\/wp\/v2\/media?parent=57022"}],"curies":[{"name":"wp","href":"https:\/\/api.w.org\/{rel}","templated":true}]}}