{"id":156965,"date":"2025-08-07T06:38:40","date_gmt":"2025-08-07T06:38:40","guid":{"rendered":"https:\/\/numerologi.net\/?page_id=156965"},"modified":"2025-08-12T11:07:36","modified_gmt":"2025-08-12T11:07:36","slug":"numerologisknavneberegner","status":"publish","type":"page","link":"https:\/\/numerologi.net\/index.php\/numerologisknavneberegner\/","title":{"rendered":"Numerologisk Navneberegner"},"content":{"rendered":"<div class=\"wpb-content-wrapper\"><p>[vc_row][vc_column width=&#8221;1\/1&#8243;][vc_raw_html]JTVCbmF2bmViZXJlZ25lciU1RA==[\/vc_raw_html][\/vc_column][\/vc_row][vc_row unlock_row=&#8221;&#8221; row_height_percent=&#8221;0&#8243; overlay_alpha=&#8221;50&#8243; gutter_size=&#8221;3&#8243; column_width_percent=&#8221;100&#8243; shift_y=&#8221;0&#8243; z_index=&#8221;0&#8243; content_parallax=&#8221;0&#8243; uncode_shortcode_id=&#8221;261185&#8243;][vc_column width=&#8221;1\/6&#8243;][\/vc_column][vc_column width=&#8221;2\/3&#8243;][vc_column_text uncode_shortcode_id=&#8221;149315&#8243;]<\/p>\n<h1>Navnelister<\/h1>\n<p>Instituttet for Numerologi har j\u00e6vnligt opdaterede navnelister, s\u00e5 du ganske gratis og nemt kan hente de navnelister du har brug for i forbindelse med dit numerologiske navneskifte. Her nedenfor finder du alle frie danske efternavne samt godkendte pige- og drengenavne.<\/p>\n<p><em>Bem\u00e6rk at listerne med de frie efternavne udelukkende er energier der kan st\u00e5 i balance. Listerne med godkendte fornavne indeholder ogs\u00e5 s\u00e5kaldte +lister, til dem som \u00f8nsker at kreere deres eget fornavn.<\/em>[\/vc_column_text][vc_custom_heading text_color=&#8221;color-210407&#8243; uncode_shortcode_id=&#8221;670893&#8243; text_color_type=&#8221;uncode-palette&#8221;]<span style=\"color: #165e5b;\"><a style=\"color: #165e5b;\" href=\"https:\/\/instituttetfornumerologi.dk\/navnelister\/\">Listerne kan ses her<\/a><\/span>[\/vc_custom_heading][vc_empty_space empty_h=&#8221;3&#8243;][\/vc_column][vc_column width=&#8221;1\/6&#8243;][\/vc_column][\/vc_row]<\/p>\n<\/div>","protected":false},"excerpt":{"rendered":"<p>[vc_row][vc_column width=&#8221;1\/1&#8243;][vc_raw_html]JTVCbmF2bmViZXJlZ25lciU1RA==[\/vc_raw_html][\/vc_column][\/vc_row][vc_row unlock_row=&#8221;&#8221; row_height_percent=&#8221;0&#8243; overlay_alpha=&#8221;50&#8243; gutter_size=&#8221;3&#8243; column_width_percent=&#8221;100&#8243; shift_y=&#8221;0&#8243; z_index=&#8221;0&#8243; content_parallax=&#8221;0&#8243; uncode_shortcode_id=&#8221;261185&#8243;][vc_column width=&#8221;1\/6&#8243;][\/vc_column][vc_column width=&#8221;2\/3&#8243;][vc_column_text uncode_shortcode_id=&#8221;149315&#8243;] Navnelister Instituttet for Numerologi har j\u00e6vnligt [&hellip;]<\/p>\n","protected":false},"author":1,"featured_media":0,"parent":0,"menu_order":0,"comment_status":"closed","ping_status":"closed","template":"","meta":{"footnotes":""},"class_list":["post-156965","page","type-page","status-publish","hentry"],"_links":{"self":[{"href":"https:\/\/numerologi.net\/index.php\/wp-json\/wp\/v2\/pages\/156965","targetHints":{"allow":["GET"]}}],"collection":[{"href":"https:\/\/numerologi.net\/index.php\/wp-json\/wp\/v2\/pages"}],"about":[{"href":"https:\/\/numerologi.net\/index.php\/wp-json\/wp\/v2\/types\/page"}],"author":[{"embeddable":true,"href":"https:\/\/numerologi.net\/index.php\/wp-json\/wp\/v2\/users\/1"}],"replies":[{"embeddable":true,"href":"https:\/\/numerologi.net\/index.php\/wp-json\/wp\/v2\/comments?post=156965"}],"version-history":[{"count":12,"href":"https:\/\/numerologi.net\/index.php\/wp-json\/wp\/v2\/pages\/156965\/revisions"}],"predecessor-version":[{"id":156979,"href":"https:\/\/numerologi.net\/index.php\/wp-json\/wp\/v2\/pages\/156965\/revisions\/156979"}],"wp:attachment":[{"href":"https:\/\/numerologi.net\/index.php\/wp-json\/wp\/v2\/media?parent=156965"}],"curies":[{"name":"wp","href":"https:\/\/api.w.org\/{rel}","templated":true}]}}