{"id":156340,"date":"2025-04-25T06:16:11","date_gmt":"2025-04-25T06:16:11","guid":{"rendered":"https:\/\/numerologi.net\/?page_id=156340"},"modified":"2025-06-26T09:30:08","modified_gmt":"2025-06-26T09:30:08","slug":"om","status":"publish","type":"page","link":"https:\/\/numerologi.net\/index.php\/om\/","title":{"rendered":"Om Novak Sommer"},"content":{"rendered":"<div class=\"wpb-content-wrapper\"><p>[vc_row row_height_percent=&#8221;50&#8243; back_color=&#8221;color-wayh&#8221; back_image=&#8221;156278&#8243; overlay_alpha=&#8221;50&#8243; gutter_size=&#8221;3&#8243; column_width_percent=&#8221;100&#8243; shift_y=&#8221;0&#8243; z_index=&#8221;0&#8243; content_parallax=&#8221;2&#8243; uncode_shortcode_id=&#8221;539153&#8243; back_color_type=&#8221;uncode-palette&#8221;][vc_column column_width_percent=&#8221;100&#8243; gutter_size=&#8221;3&#8243; style=&#8221;dark&#8221; overlay_alpha=&#8221;50&#8243; shift_x=&#8221;0&#8243; shift_y=&#8221;0&#8243; shift_y_down=&#8221;0&#8243; z_index=&#8221;0&#8243; medium_width=&#8221;0&#8243; mobile_width=&#8221;0&#8243; width=&#8221;1\/1&#8243;][\/vc_column][\/vc_row][vc_row row_height_percent=&#8221;0&#8243; override_padding=&#8221;yes&#8221; h_padding=&#8221;2&#8243; top_padding=&#8221;0&#8243; bottom_padding=&#8221;0&#8243; overlay_alpha=&#8221;50&#8243; gutter_size=&#8221;3&#8243; column_width_percent=&#8221;100&#8243; shift_y=&#8221;0&#8243; z_index=&#8221;0&#8243; content_parallax=&#8221;0&#8243; uncode_shortcode_id=&#8221;213680&#8243;][vc_column column_width_percent=&#8221;100&#8243; gutter_size=&#8221;3&#8243; override_padding=&#8221;yes&#8221; column_padding=&#8221;3&#8243; back_color=&#8221;color-xsdn&#8221; overlay_alpha=&#8221;50&#8243; shift_x=&#8221;0&#8243; shift_y=&#8221;-4&#8243; shift_y_fixed=&#8221;yes&#8221; shift_y_down=&#8221;0&#8243; z_index=&#8221;0&#8243; medium_width=&#8221;0&#8243; mobile_width=&#8221;0&#8243; width=&#8221;1\/1&#8243;][vc_row_inner row_inner_height_percent=&#8221;0&#8243; overlay_alpha=&#8221;50&#8243; equal_height=&#8221;yes&#8221; gutter_size=&#8221;0&#8243; shift_y=&#8221;0&#8243; limit_content=&#8221;&#8221;][vc_column_inner column_width_percent=&#8221;100&#8243; position_vertical=&#8221;middle&#8221; align_horizontal=&#8221;align_center&#8221; gutter_size=&#8221;3&#8243; override_padding=&#8221;yes&#8221; column_padding=&#8221;3&#8243; overlay_alpha=&#8221;50&#8243; preserve_border=&#8221;yes&#8221; preserve_border_tablet=&#8221;yes&#8221; border_color=&#8221;color-gyho&#8221; border_style=&#8221;solid&#8221; shift_x=&#8221;0&#8243; shift_y=&#8221;0&#8243; shift_y_down=&#8221;0&#8243; z_index=&#8221;0&#8243; medium_width=&#8221;2&#8243; mobile_width=&#8221;0&#8243; width=&#8221;3\/12&#8243; css=&#8221;.vc_custom_1623402307846{border-right-width: 1px !important;}&#8221; uncode_shortcode_id=&#8221;301232&#8243; border_color_type=&#8221;uncode-palette&#8221;][vc_custom_heading heading_semantic=&#8221;h3&#8243; text_font=&#8221;font-165032&#8243; text_size=&#8221;h3&#8243; text_weight=&#8221;400&#8243; text_transform=&#8221;uppercase&#8221; text_space=&#8221;fontspace-781688&#8243; uncode_shortcode_id=&#8221;173882&#8243;][\/vc_custom_heading][\/vc_column_inner][vc_column_inner column_width_percent=&#8221;100&#8243; position_vertical=&#8221;middle&#8221; gutter_size=&#8221;3&#8243; override_padding=&#8221;yes&#8221; column_padding=&#8221;3&#8243; overlay_alpha=&#8221;50&#8243; shift_x=&#8221;0&#8243; shift_y=&#8221;0&#8243; shift_y_down=&#8221;0&#8243; z_index=&#8221;0&#8243; medium_width=&#8221;6&#8243; align_mobile=&#8221;align_center_mobile&#8221; mobile_width=&#8221;0&#8243; width=&#8221;9\/12&#8243;][vc_custom_heading text_color=&#8221;color-105898&#8243; text_font=&#8221;font-165032&#8243; text_size=&#8221;fontsize-155944&#8243; text_weight=&#8221;400&#8243; text_space=&#8221;fontspace-781688&#8243; uncode_shortcode_id=&#8221;109342&#8243; text_color_type=&#8221;uncode-palette&#8221;]Novak Ziggimagnus Avelon Sommer[\/vc_custom_heading][\/vc_column_inner][\/vc_row_inner][\/vc_column][\/vc_row][vc_row row_height_percent=&#8221;0&#8243; override_padding=&#8221;yes&#8221; h_padding=&#8221;2&#8243; top_padding=&#8221;0&#8243; bottom_padding=&#8221;0&#8243; overlay_alpha=&#8221;50&#8243; gutter_size=&#8221;3&#8243; column_width_percent=&#8221;100&#8243; shift_y=&#8221;0&#8243; z_index=&#8221;0&#8243;][vc_column column_width_use_pixel=&#8221;yes&#8221; gutter_size=&#8221;2&#8243; font_family=&#8221;font-165032&#8243; overlay_alpha=&#8221;50&#8243; shift_x=&#8221;0&#8243; shift_y=&#8221;0&#8243; shift_y_down=&#8221;0&#8243; z_index=&#8221;0&#8243; medium_width=&#8221;0&#8243; align_mobile=&#8221;align_center_mobile&#8221; mobile_width=&#8221;0&#8243; width=&#8221;1\/1&#8243; column_width_pixel=&#8221;800&#8243; uncode_shortcode_id=&#8221;123027&#8243;][vc_column_text text_lead=&#8221;yes&#8221; text_color=&#8221;color-105898&#8243; css_animation=&#8221;parallax&#8221; parallax_intensity=&#8221;3&#8243; uncode_shortcode_id=&#8221;346936&#8243; text_color_type=&#8221;uncode-palette&#8221;]<strong>Jeg arbejder med numerologi, fjernhealing og spirituel vejledning &#8211;\u00a0 men f\u00f8rst og fremmest er jeg et menneske, i kontakt med livets dybere rytme.<\/strong><\/p>\n<ul>\n<li><strong>Numerologisk udredning og navneskifte &#8211; som \u00e5bner for sj\u00e6lens klare vej<\/strong><\/li>\n<li><strong>Fjernhealing &#8211; ofte efter navneskifte eller som st\u00f8tte i overgangsperioder<\/strong><\/li>\n<li><strong>Samtaler og spejling &#8211; hvor jeg m\u00f8der dig uden forventning, men i \u00e6gte n\u00e6rv\u00e6r<\/strong><\/li>\n<\/ul>\n<p><strong>Mit virke udspringer ikke af titler, men af erfaring. Jeg tror ikke p\u00e5 at placere mennesker i kasser &#8211; hverken mig selv eller andre. Vi er her for at v\u00e6re netop det, vi er, lige nu &#8211; i forbundethed, frihed og mulighed. Det er her, transformationen sker.<\/strong><\/p>\n<p><strong>Min motivation lever i de \u00f8jeblikke, hvor forbindelsen \u00e5bner sig. N\u00e5r navnet falder i harmoni. N\u00e5r energien l\u00f8fter sig. N\u00e5r naturen taler, og vi lytter. Hvor klarhed opst\u00e5r. Hvor du husker, hvem du er.<\/strong><\/p>\n<p><strong>Jeg er her &#8211; som et n\u00e6rv\u00e6r, for at st\u00f8tte, spejle og opl\u00f8fte &#8211; i overenstemmelse med dit sj\u00e6lsform\u00e5l.<\/strong>[\/vc_column_text][\/vc_column][\/vc_row][vc_row row_height_percent=&#8221;0&#8243; override_padding=&#8221;yes&#8221; h_padding=&#8221;2&#8243; top_padding=&#8221;0&#8243; bottom_padding=&#8221;0&#8243; overlay_alpha=&#8221;50&#8243; gutter_size=&#8221;3&#8243; column_width_percent=&#8221;100&#8243; shift_y=&#8221;0&#8243; z_index=&#8221;0&#8243;][vc_column column_width_use_pixel=&#8221;yes&#8221; gutter_size=&#8221;2&#8243; font_family=&#8221;font-165032&#8243; overlay_alpha=&#8221;50&#8243; shift_x=&#8221;0&#8243; shift_y=&#8221;0&#8243; shift_y_down=&#8221;0&#8243; z_index=&#8221;0&#8243; medium_width=&#8221;0&#8243; align_mobile=&#8221;align_center_mobile&#8221; mobile_width=&#8221;0&#8243; width=&#8221;1\/1&#8243; column_width_pixel=&#8221;800&#8243; uncode_shortcode_id=&#8221;123027&#8243;][vc_empty_space empty_h=&#8221;3&#8243;][\/vc_column][\/vc_row][vc_row][vc_column width=&#8221;1\/1&#8243;][\/vc_column][\/vc_row][vc_row unlock_row_content=&#8221;yes&#8221; row_height_percent=&#8221;0&#8243; override_padding=&#8221;yes&#8221; h_padding=&#8221;5&#8243; top_padding=&#8221;3&#8243; bottom_padding=&#8221;0&#8243; overlay_alpha=&#8221;50&#8243; gutter_size=&#8221;0&#8243; column_width_percent=&#8221;100&#8243; shift_y=&#8221;0&#8243; z_index=&#8221;0&#8243; enable_top_divider=&#8221;default&#8221; top_divider=&#8221;step&#8221; shape_top_h_use_pixel=&#8221;true&#8221; shape_top_height_percent=&#8221;30&#8243; shape_top_color=&#8221;&#8221; shape_top_opacity=&#8221;100&#8243; shape_top_index=&#8221;0&#8243; content_parallax=&#8221;0&#8243; uncode_shortcode_id=&#8221;196133&#8243;][vc_column column_width_percent=&#8221;100&#8243; gutter_size=&#8221;3&#8243; overlay_alpha=&#8221;50&#8243; shift_x=&#8221;0&#8243; shift_y=&#8221;0&#8243; shift_y_down=&#8221;0&#8243; z_index=&#8221;0&#8243; medium_width=&#8221;0&#8243; mobile_width=&#8221;0&#8243; width=&#8221;1\/2&#8243; uncode_shortcode_id=&#8221;166671&#8243;][vc_single_image media=&#8221;156833&#8243; media_width_percent=&#8221;100&#8243; media_ratio=&#8221;one-one&#8221; uncode_shortcode_id=&#8221;524061&#8243;][vc_custom_heading uncode_shortcode_id=&#8221;301979&#8243;]<\/p>\n<h3 data-start=\"250\" data-end=\"290\">\ud83c\udf08 <em data-start=\"257\" data-end=\"290\">Mit Virke \u2013 med chakra-symbolik<\/em><\/h3>\n<p data-start=\"292\" data-end=\"457\">\ud83d\udd34 <strong data-start=\"295\" data-end=\"328\">Rodchakra \u2013 Tryghed &amp; Balance<\/strong><br data-start=\"328\" data-end=\"331\" \/><em data-start=\"331\" data-end=\"457\">Mit virke er at v\u00e6re en kanal for ro og balance \u2013<br data-start=\"381\" data-end=\"384\" \/>en portal mellem verdenerne, hvor energi holdes, harmoniseres og l\u00f8ftes.<\/em><\/p>\n<p data-start=\"459\" data-end=\"599\">\ud83d\udfe0 <strong data-start=\"462\" data-end=\"492\">Hara \u2013 F\u00f8lelse &amp; Livskraft<\/strong><br data-start=\"492\" data-end=\"495\" \/><em data-start=\"495\" data-end=\"533\">Jeg er her for at mestre f\u00f8lelserne,<\/em><br data-start=\"533\" data-end=\"536\" \/><em data-start=\"536\" data-end=\"599\">at v\u00e6re i kontakt med sansningens dybde og relationens str\u00f8m.<\/em><\/p>\n<p data-start=\"601\" data-end=\"754\">\ud83d\udfe1 <strong data-start=\"604\" data-end=\"637\">Solar Plexus \u2013 Vilje &amp; Form\u00e5l<\/strong><br data-start=\"637\" data-end=\"640\" \/><em data-start=\"640\" data-end=\"694\">At anvende intellektet og intuitionen som redskaber,<\/em><br data-start=\"694\" data-end=\"697\" \/><em data-start=\"697\" data-end=\"754\">ikke for kontrol, men i tjeneste for helhed og retning.<\/em><\/p>\n<p data-start=\"756\" data-end=\"924\">\ud83d\udc9a <strong data-start=\"759\" data-end=\"795\">Hjertechakra \u2013 K\u00e6rlighed &amp; Enhed<\/strong><br data-start=\"795\" data-end=\"798\" \/><em data-start=\"798\" data-end=\"851\">Jeg ved, at tanker ikke er &#8220;mine&#8221;, men muligheder \u2013<\/em><br data-start=\"851\" data-end=\"854\" \/><em data-start=\"854\" data-end=\"924\">portaler til udvikling fra egoets adskillelse til enhed i k\u00e6rlighed.<\/em><\/p>\n<p data-start=\"926\" data-end=\"1068\">\ud83d\udd35 <strong data-start=\"929\" data-end=\"962\">Halschakra \u2013 Udtryk &amp; Sandhed<\/strong><br data-start=\"962\" data-end=\"965\" \/><em data-start=\"965\" data-end=\"1003\">Mit kald er k\u00e6rlighed til skabelsen.<\/em><br data-start=\"1003\" data-end=\"1006\" \/><em data-start=\"1006\" data-end=\"1068\">At udtrykke det stille vidneskab, hvor ord og tavshed er \u00e9t.<\/em><\/p>\n<p data-start=\"1070\" data-end=\"1212\">\ud83d\udfe3 <strong data-start=\"1073\" data-end=\"1102\">Pineal \u2013 Klarhed &amp; Vision<\/strong><br data-start=\"1102\" data-end=\"1105\" \/><em data-start=\"1105\" data-end=\"1162\">Et n\u00e6rv\u00e6r, der husker, at vi allerede er det, vi s\u00f8ger.<\/em><br data-start=\"1162\" data-end=\"1165\" \/><em data-start=\"1165\" data-end=\"1212\">At se gennem sl\u00f8ret og anerkende lyset i alt.<\/em><\/p>\n<p data-start=\"1214\" data-end=\"1362\">\u26aa <strong data-start=\"1216\" data-end=\"1263\">Kronechakra \u2013 Forbundethed &amp; Ren bevidsthed<\/strong><br data-start=\"1263\" data-end=\"1266\" \/><em data-start=\"1266\" data-end=\"1362\">Jeg holder rummet \u00e5bent \u2013<br data-start=\"1292\" data-end=\"1295\" \/>et felt for transformation og k\u00e6rlig samklang med livets pulsslag.<\/em><\/p>\n<p>[\/vc_custom_heading][\/vc_column][vc_column column_width_use_pixel=&#8221;yes&#8221; position_horizontal=&#8221;left&#8221; position_vertical=&#8221;justify&#8221; gutter_size=&#8221;3&#8243; override_padding=&#8221;yes&#8221; column_padding=&#8221;3&#8243; style=&#8221;dark&#8221; back_color=&#8221;color-210407&#8243; back_image=&#8221;133829&#8243; back_position=&#8221;right bottom&#8221; overlay_alpha=&#8221;50&#8243; overlay_color_blend=&#8221;overlay&#8221; shift_x=&#8221;0&#8243; shift_y=&#8221;0&#8243; shift_y_down=&#8221;0&#8243; z_index=&#8221;0&#8243; medium_width=&#8221;0&#8243; mobile_width=&#8221;0&#8243; width=&#8221;1\/2&#8243; uncode_shortcode_id=&#8221;891128&#8243; back_color_type=&#8221;uncode-palette&#8221; column_width_pixel=&#8221;544&#8243; back_size=&#8221;50%&#8221;][vc_row_inner limit_content=&#8221;&#8221;][vc_column_inner column_width_percent=&#8221;100&#8243; gutter_size=&#8221;3&#8243; style=&#8221;dark&#8221; overlay_alpha=&#8221;50&#8243; shift_x=&#8221;0&#8243; shift_y=&#8221;0&#8243; shift_y_down=&#8221;0&#8243; z_index=&#8221;0&#8243; medium_width=&#8221;0&#8243; mobile_width=&#8221;0&#8243; width=&#8221;1\/1&#8243; uncode_shortcode_id=&#8221;796715&#8243;][vc_custom_heading text_color=&#8221;color-105898&#8243; text_font=&#8221;font-787672&#8243; text_size=&#8221;custom&#8221; text_weight=&#8221;500&#8243; text_transform=&#8221;capitalize&#8221; text_space=&#8221;fontspace-781688&#8243; uncode_shortcode_id=&#8221;156451&#8243; heading_custom_size=&#8221;clamp(28px,4vw,60px)&#8221; text_color_type=&#8221;uncode-palette&#8221;]Min Vej[\/vc_custom_heading][vc_custom_heading text_color=&#8221;color-105898&#8243; heading_semantic=&#8221;h3&#8243; text_font=&#8221;font-787672&#8243; text_size=&#8221;custom&#8221; text_weight=&#8221;400&#8243; text_height=&#8221;fontheight-357766&#8243; text_space=&#8221;fontspace-781688&#8243; uncode_shortcode_id=&#8221;408001&#8243; heading_custom_size=&#8221;clamp(18px,4vw,24px)&#8221; text_color_type=&#8221;uncode-palette&#8221;]Har aldrig v\u00e6ret line\u00e6r. Den har bev\u00e6get sig i cirkler og spiraler, igennem stilhed, erkendelse, opl\u00f8sninger og fornyelse. Jeg har ikke blot\u00a0<em>l\u00e6st<\/em> mig til min viden &#8211; jeg har levet den.<\/p>\n<p>Allerede som barn m\u00e6rkede jeg mine guider t\u00e6t p\u00e5. En indre stemme, en n\u00e6rv\u00e6rende vished, som blev ved med at vise sig &#8211; ikke som noget udenfor mig, men som noget jeg allerede var forbundet med.<\/p>\n<p>Gennem mange \u00e5r har jeg fordybet mig i meditation, energiarbejde og det bevidste n\u00e6rv\u00e6r i kroppen. Yogaens asanas l\u00e6rte mig, hvordan kroppen taler, og hvordan kost, bev\u00e6gelse og \u00e5ndedr\u00e6t er veje ind i klarhed. Jeg har praktiseret Transcendental Meditation (TM) i over 20 \u00e5r og levede som buddistmunk i b\u00e5de Danmark og Thailand fra 2007 til 2009.<\/p>\n<p>Her modtog jeg navnet Katapunyo &#8211;\u00a0<em>beskyttende ord og \u00e5ndelig fortjeneste &#8211;\u00a0<\/em>et navn med b\u00e5de buddhistisk og numerologisk dybde. Det navn minder mig om det liv jeg lever i dag: et liv i tjeneste for klarhed, balance og indre v\u00e5genhed.[\/vc_custom_heading][\/vc_column_inner][\/vc_row_inner][vc_button button_color=&#8221;color-105898&#8243; size=&#8221;btn-lg&#8221; outline=&#8221;yes&#8221; custom_typo=&#8221;yes&#8221; font_family=&#8221;font-787672&#8243; font_weight=&#8221;500&#8243; text_transform=&#8221;capitalize&#8221; border_width=&#8221;0&#8243; scale_mobile=&#8221;no&#8221; uncode_shortcode_id=&#8221;273246&#8243; button_color_type=&#8221;uncode-palette&#8221; link=&#8221;url:https%3A%2F%2Fnumerologi.net%2Findex.php%2Fonline-booking%2F|title:Online%20Booking&#8221;]Find en tid.[\/vc_button][\/vc_column][\/vc_row][vc_row][vc_column width=&#8221;1\/1&#8243;][vc_empty_space empty_h=&#8221;3&#8243;][\/vc_column][\/vc_row]<\/p>\n<\/div>","protected":false},"excerpt":{"rendered":"<p>[vc_row row_height_percent=&#8221;50&#8243; back_color=&#8221;color-wayh&#8221; back_image=&#8221;156278&#8243; overlay_alpha=&#8221;50&#8243; gutter_size=&#8221;3&#8243; column_width_percent=&#8221;100&#8243; shift_y=&#8221;0&#8243; z_index=&#8221;0&#8243; content_parallax=&#8221;2&#8243; uncode_shortcode_id=&#8221;539153&#8243; back_color_type=&#8221;uncode-palette&#8221;][vc_column column_width_percent=&#8221;100&#8243; gutter_size=&#8221;3&#8243; style=&#8221;dark&#8221; overlay_alpha=&#8221;50&#8243; shift_x=&#8221;0&#8243; shift_y=&#8221;0&#8243; shift_y_down=&#8221;0&#8243; z_index=&#8221;0&#8243; [&hellip;]<\/p>\n","protected":false},"author":1,"featured_media":0,"parent":0,"menu_order":0,"comment_status":"closed","ping_status":"closed","template":"","meta":{"footnotes":""},"class_list":["post-156340","page","type-page","status-publish","hentry"],"_links":{"self":[{"href":"https:\/\/numerologi.net\/index.php\/wp-json\/wp\/v2\/pages\/156340","targetHints":{"allow":["GET"]}}],"collection":[{"href":"https:\/\/numerologi.net\/index.php\/wp-json\/wp\/v2\/pages"}],"about":[{"href":"https:\/\/numerologi.net\/index.php\/wp-json\/wp\/v2\/types\/page"}],"author":[{"embeddable":true,"href":"https:\/\/numerologi.net\/index.php\/wp-json\/wp\/v2\/users\/1"}],"replies":[{"embeddable":true,"href":"https:\/\/numerologi.net\/index.php\/wp-json\/wp\/v2\/comments?post=156340"}],"version-history":[{"count":41,"href":"https:\/\/numerologi.net\/index.php\/wp-json\/wp\/v2\/pages\/156340\/revisions"}],"predecessor-version":[{"id":156845,"href":"https:\/\/numerologi.net\/index.php\/wp-json\/wp\/v2\/pages\/156340\/revisions\/156845"}],"wp:attachment":[{"href":"https:\/\/numerologi.net\/index.php\/wp-json\/wp\/v2\/media?parent=156340"}],"curies":[{"name":"wp","href":"https:\/\/api.w.org\/{rel}","templated":true}]}}